{"id":268,"date":"2024-11-03T14:50:46","date_gmt":"2024-11-03T13:50:46","guid":{"rendered":"https:\/\/agencemadelinethouron.fr\/?page_id=268"},"modified":"2025-08-30T11:21:51","modified_gmt":"2025-08-30T09:21:51","slug":"tarifs","status":"publish","type":"page","link":"https:\/\/agencemadelinethouron.fr\/index.php\/tarifs\/","title":{"rendered":"PRESTATIONS ET TARIFS"},"content":{"rendered":"\n<p class=\"has-text-align-center has-contrast-color has-accent-background-color has-text-color has-background has-link-color has-body-font-family has-medium-font-size wp-elements-0c13a0332ade1af1120be642e1c04838\">Les tarifs affich\u00e9s sont indicatifs, ils d\u00e9pendent de la nature du projet ainsi que des prestations choisies.<br>De plus, la TVA , n&#8217;est pas applicable en accord avec l&#8217;article 293 B du CGI.<br>Chaque projet \u00e9tant personnalis\u00e9 et r\u00e9alis\u00e9 en fonction de votre demande et de vos envies, les tarifs sont \u00e9tablis sur devis en fonction des prestations retenues et de la nature du projet.<\/p>\n\n\n\n<div style=\"height:52px\" aria-hidden=\"true\" class=\"wp-block-spacer\"><\/div>\n\n\n\n<h4 class=\"wp-block-heading has-text-align-center has-contrast-color has-accent-background-color has-text-color has-background has-link-color has-body-font-family wp-elements-5502da0247df019749096ac1f5b1c0f9\"><em>FORFAIT 1ER RDV<\/em><\/h4>\n\n\n\n<pre class=\"wp-block-verse has-body-font-family\">Le forfait 1er Rendez-vous comprend :<br>     \u2013 Une \u00e9tude pr\u00e9alable de votre projet<br>     \u2013 Le d\u00e9placement<br>     \u2013 Le rendez-vous<br> <br>Moins de 100 km :                            <strong> 80<\/strong> \u20ac<br>Entre 100 et 200 km :                      <strong>120 \u20ac<\/strong><br>Plus de 200 km :              <strong> de 150 \u00e0 250 \u20ac<\/strong><br>Suite \u00e0 ce rendez-vous si le devis \u00e9tabli est valid\u00e9, cette somme lui sera d\u00e9duite.<br><\/pre>\n\n\n\n<h4 class=\"wp-block-heading has-text-align-center has-contrast-color has-accent-background-color has-text-color has-background has-link-color has-body-font-family wp-elements-16cb7004588ca5bf62e878cc70340506\"><em>PRESTATIONS<\/em><\/h4>\n\n\n\n<pre class=\"wp-block-verse has-text-align-center has-accent-background-color has-background has-body-font-family\"><br><strong>CONCEPTION<\/strong><br><br>De l'\u00e9tude de faisabilit\u00e9 \u00e0 la conception de vos dossiers de d\u00e9p\u00f4t de permis de construire, d\u00e9claration pr\u00e9alable, demande d'urbanisme ou permis d'am\u00e9nager avec suivi.<br><br><strong>Mission partielle<\/strong><br>Esquisse et \u00e9tude de faisabilit\u00e9<br>Avant-projet (APS\/APD)<br>Constitution et d\u00e9p\u00f4t du dossier administratif<br><br>\ud83d\udc49<strong> <em>\u00c0 partir de 2 500 \u20ac<\/em><\/strong><br><br><strong>Mission compl\u00e8te<\/strong><br>De l\u2019id\u00e9e au chantier :<br>Esquisse et \u00e9tude de faisabilit\u00e9<br>Avant-projet (APS\/APD)<br>Constitution et d\u00e9p\u00f4t du dossier administratif<br>Estimation sommaire <br>DCE<br>Suivi esth\u00e9tique du chantier (indissociable)<br><br>\ud83d\udc49 <strong><em>\u00c0 partir de 3 800 \u20ac<\/em><\/strong><br><br><em><strong>Chaque projet est unique, les tarifs de cette prestation sont \u00e9tablis sur devis.<br><\/strong><\/em><\/pre>\n\n\n\n<pre class=\"wp-block-verse has-text-align-center has-accent-background-color has-background has-body-font-family\"><br><strong>DESIGN VISUELS<\/strong><br><br>Conception de design visuel en 2D et 3D avec photor\u00e9alisme, pour vos maquettes de prototypes, vos dossiers de pr\u00e9sentation ou juste pour visualiser une id\u00e9e. <br><br>Peuvent \u00eatre demand\u00e9es seules ou en compl\u00e9ment d\u2019une mission :<br><br>Conception visuelle 3D photor\u00e9aliste \u2192<strong><em> \u00e0 partir de 250 \u20ac\/vue<\/em><\/strong><br><br>Vid\u00e9o immersive \/ visite virtuelle \u2192 <strong><em>400\u2013600 \u20ac<\/em><\/strong><br><br>Insertion graphique (DP\/PC) \u2192 <strong><em>150\u2013300 \u20ac<\/em><\/strong><br><em><strong><br><br><br><\/strong><\/em><\/pre>\n\n\n\n<pre class=\"wp-block-verse has-text-align-center has-accent-background-color has-background has-body-font-family\"><br><strong>AMENAGEMENT ET AGENCEMENT<\/strong><br><br>Conseils et conception pour l'agencement, le r\u00e9am\u00e9nagement de vos int\u00e9rieurs et 3D paysag\u00e8re pour vos ext\u00e9rieurs simple (terrasse, pergola, piscine).<em><strong><br><\/strong><\/em><br><em><strong><br>\u00e0 partir de 450 \u20ac prestation \u00e9tabli<br>sur devis.<span style=\"font-size:18.0pt;font-family:&quot;Arial&quot;,sans-serif;\nmso-fareast-font-family:&quot;Times New Roman&quot;;mso-fareast-language:FR\"><\/span><br><br><span style=\"font-size:18.0pt;font-family:&quot;Arial&quot;,sans-serif;mso-fareast-font-family:\n&quot;Times New Roman&quot;;mso-fareast-language:FR\"><\/span><br><\/strong><\/em><\/pre>\n\n\n\n<pre class=\"wp-block-verse has-text-align-center has-accent-background-color has-background has-body-font-family\"><br><strong>MISSION DECORATION \/ RELOOKING<\/strong><br><br>Mission de conseils, id\u00e9es, accompagnement avec plans et visuels graphiques pour votre d\u00e9coration d'int\u00e9rieur<br><br><br><strong><em>Par pi\u00e8ce<kbd>*<\/kbd> (&lt;20 m\u00b2) \u2192 \u00e0 partir de 350 \u20ac<br><br>Projet global \u2192 1 500\u20132 500 \u20ac<\/em><\/strong><em><strong><br><\/strong><\/em><br><em><strong><br><br>*<\/strong><\/em>une pi\u00e8ce (hors cuisine et salle de bain ) inf\u00e9rieur ou \u00e9gale \u00e0 20m \u00b2<em><strong><span style=\"font-size:18.0pt;font-family:&quot;Arial&quot;,sans-serif;mso-fareast-font-family:\n&quot;Times New Roman&quot;;color:#101010;mso-fareast-language:FR\"><\/span><br><br><br><span style=\"font-size:18.0pt;font-family:&quot;Arial&quot;,sans-serif;mso-fareast-font-family:\n&quot;Times New Roman&quot;;mso-fareast-language:FR\"><\/span><br><\/strong><\/em><\/pre>\n","protected":false},"excerpt":{"rendered":"<p>Les tarifs affich\u00e9s sont indicatifs, ils d\u00e9pendent de la nature du projet ainsi que des prestations choisies.De plus, la TVA , n&#8217;est pas applicable en accord avec l&#8217;article 293 B du CGI.Chaque projet \u00e9tant personnalis\u00e9 et r\u00e9alis\u00e9 en fonction de votre demande et de vos envies, les tarifs sont \u00e9tablis sur devis en fonction des [&hellip;]<\/p>\n","protected":false},"author":1,"featured_media":0,"parent":0,"menu_order":0,"comment_status":"closed","ping_status":"closed","template":"","meta":{"_eb_attr":"","footnotes":""},"class_list":["post-268","page","type-page","status-publish","hentry"],"_links":{"self":[{"href":"https:\/\/agencemadelinethouron.fr\/index.php\/wp-json\/wp\/v2\/pages\/268","targetHints":{"allow":["GET"]}}],"collection":[{"href":"https:\/\/agencemadelinethouron.fr\/index.php\/wp-json\/wp\/v2\/pages"}],"about":[{"href":"https:\/\/agencemadelinethouron.fr\/index.php\/wp-json\/wp\/v2\/types\/page"}],"author":[{"embeddable":true,"href":"https:\/\/agencemadelinethouron.fr\/index.php\/wp-json\/wp\/v2\/users\/1"}],"replies":[{"embeddable":true,"href":"https:\/\/agencemadelinethouron.fr\/index.php\/wp-json\/wp\/v2\/comments?post=268"}],"version-history":[{"count":4,"href":"https:\/\/agencemadelinethouron.fr\/index.php\/wp-json\/wp\/v2\/pages\/268\/revisions"}],"predecessor-version":[{"id":304,"href":"https:\/\/agencemadelinethouron.fr\/index.php\/wp-json\/wp\/v2\/pages\/268\/revisions\/304"}],"wp:attachment":[{"href":"https:\/\/agencemadelinethouron.fr\/index.php\/wp-json\/wp\/v2\/media?parent=268"}],"curies":[{"name":"wp","href":"https:\/\/api.w.org\/{rel}","templated":true}]}}