{"id":219,"date":"2024-11-03T12:00:25","date_gmt":"2024-11-03T11:00:25","guid":{"rendered":"https:\/\/agencemadelinethouron.fr\/?page_id=219"},"modified":"2024-11-03T12:20:32","modified_gmt":"2024-11-03T11:20:32","slug":"a-propos","status":"publish","type":"page","link":"https:\/\/agencemadelinethouron.fr\/index.php\/a-propos\/","title":{"rendered":"A PROPOS"},"content":{"rendered":"\n<div class=\"wp-block-group alignfull has-accent-background-color has-background has-global-padding is-layout-constrained wp-container-core-group-is-layout-669513ed wp-block-group-is-layout-constrained\" style=\"margin-top:0;margin-bottom:0;padding-top:var(--wp--preset--spacing--50);padding-right:var(--wp--preset--spacing--50);padding-bottom:var(--wp--preset--spacing--50);padding-left:var(--wp--preset--spacing--50)\">\n<p class=\"has-text-align-center has-large-font-size\">&nbsp; ATYPIQUE ET AUTODIDACTE<\/p>\n\n\n\n<div style=\"height:100px\" aria-hidden=\"true\" class=\"wp-block-spacer\"><\/div>\n\n\n\n<div class=\"wp-block-columns alignwide is-layout-flex wp-container-core-columns-is-layout-1da03c2a wp-block-columns-is-layout-flex\">\n<div class=\"wp-block-column is-vertically-aligned-stretch is-layout-flow wp-block-column-is-layout-flow\" style=\"flex-basis:50%\">\n<div class=\"wp-block-group is-vertical is-content-justification-stretch is-layout-flex wp-container-core-group-is-layout-444d5ee8 wp-block-group-is-layout-flex\" style=\"min-height:100%\">\n<p class=\"has-small-font-size\">\u00a0 \u00a0 \u00a0Curieuse et avide d\u2019apprendre, autant dans ma vie personnelle que professionnelle, mon parcours est constitu\u00e9 de diff\u00e9rentes exp\u00e9riences et de chemins professionnels diversifi\u00e9s pour \u00eatre celle que je suis aujourd\u2019hui, une technicienne d&#8217;\u00e9tudes du b\u00e2timent et dessinatrice en architecture. <\/p>\n\n\n\n<p class=\"has-small-font-size\">&nbsp; &nbsp; &nbsp;Plusieurs exp\u00e9riences pass\u00e9es dans les domaines de l\u2019h\u00f4tellerie, de l\u2019arm\u00e9e et de l\u2019administratifs, m\u2019ont permis d\u2019acqu\u00e9rir des connaissances qui tous les jours me permettent d\u2019\u00eatre efficace dans mon travail.<\/p>\n\n\n\n<p class=\"has-small-font-size\">\u00a0 \u00a0 \u00a0Avant d\u2019en arriver \u00e0 exercer ce beau m\u00e9tier, j\u2019ai tout d\u2019abord commenc\u00e9 par des \u00e9tudes de peintre en b\u00e2timent, je me suis sp\u00e9cialis\u00e9e dans la r\u00e9novation apr\u00e8s sinistre, mais je faisais \u00e9galement de la peinture d\u00e9corative.\u00a0<\/p>\n\n\n\n<p class=\"has-small-font-size\">&nbsp; &nbsp; &nbsp;Apr\u00e8s quelques ann\u00e9es, j\u2019ai repris mes \u00e9tudes et me suis tourn\u00e9e vers le dessin b\u00e2timent, j\u2019ai pu exercer en bureau d\u2019\u00e9tudes, notamment pour la SCNF Gare &amp; connexions, mais \u00e9galement en tant qu\u2019assistante pour un cabinet d\u2019architecte DPLG, j\u2019ai eu la chance de pouvoir travailler lors d\u2019un stage pour la section bureau d\u2019\u00e9tude de la Mairie de Qu\u00e9bec, au travers d\u2019un \u00e9change international entre QUEBEC et BORDEAUX.&nbsp; &nbsp;<\/p>\n\n\n\n<p class=\"has-small-font-size\">&nbsp; &nbsp; &nbsp;J\u2019ai \u00e9galement eu la possibilit\u00e9 de travailler pour diff\u00e9rentes entreprises de Ma\u00eetrise d\u2019\u0153uvre, comme MASTORE OUEST \u00e0 La Rochelle (17) et CMP Construction \u00e0 Saintes (17)<\/p>\n\n\n\n<p class=\"has-small-font-size\">&nbsp; &nbsp; &nbsp;Afin de d\u00e9velopper mon exp\u00e9rience dans le domaine de la d\u00e9coration, je me suis immerg\u00e9e plusieurs ann\u00e9es dans une enseigne de magasin de bricolage, au poste de vendeuse conseil en d\u00e9coration.<\/p>\n\n\n\n<p class=\"has-small-font-size\">\u00a0 \u00a0 \u00a0C\u2019est en Octobre 2020, que j\u2019ai cr\u00e9\u00e9 l&#8217;Agence Madeline THOURON conception, afin de vous faire profiter de mes acquis et de mon exp\u00e9rience et c\u2019est avec plaisir et passion que je vous accompagnerai dans vos projets<\/p>\n\n\n\n<p class=\"has-small-font-size\"> Madeline.<\/p>\n<\/div>\n<\/div>\n\n\n\n<div class=\"wp-block-column is-vertically-aligned-center is-layout-flow wp-block-column-is-layout-flow\" style=\"flex-basis:50%\">\n<figure class=\"wp-block-gallery has-nested-images columns-default is-cropped wp-block-gallery-2 is-layout-flex wp-block-gallery-is-layout-flex\">\n<figure class=\"wp-block-image size-large is-style-rounded is-style-rounded--1\"><img fetchpriority=\"high\" decoding=\"async\" width=\"1024\" height=\"1024\" data-id=\"227\" src=\"https:\/\/agencemadelinethouron.fr\/wp-content\/uploads\/2024\/11\/1730631290212-edited-1024x1024.jpg\" alt=\"\" class=\"wp-image-227\" style=\"aspect-ratio:3\/4;object-fit:cover\" srcset=\"https:\/\/agencemadelinethouron.fr\/wp-content\/uploads\/2024\/11\/1730631290212-edited-1024x1024.jpg 1024w, https:\/\/agencemadelinethouron.fr\/wp-content\/uploads\/2024\/11\/1730631290212-edited-300x300.jpg 300w, https:\/\/agencemadelinethouron.fr\/wp-content\/uploads\/2024\/11\/1730631290212-edited-150x150.jpg 150w, https:\/\/agencemadelinethouron.fr\/wp-content\/uploads\/2024\/11\/1730631290212-edited-768x768.jpg 768w, https:\/\/agencemadelinethouron.fr\/wp-content\/uploads\/2024\/11\/1730631290212-edited-1536x1536.jpg 1536w, https:\/\/agencemadelinethouron.fr\/wp-content\/uploads\/2024\/11\/1730631290212-edited-2048x2048.jpg 2048w\" sizes=\"(max-width: 1024px) 100vw, 1024px\" \/><\/figure>\n<figcaption class=\"blocks-gallery-caption wp-element-caption\">La cr\u00e9ativit\u00e9, c&#8217;est l&#8217;intelligence qui s&#8217;amuse.<br>&#8212; Albert Einstein &#8212;<br><\/figcaption><\/figure>\n<\/div>\n<\/div>\n<\/div>\n\n\n\n<div class=\"wp-block-group alignfull has-global-padding is-layout-constrained wp-container-core-group-is-layout-669513ed wp-block-group-is-layout-constrained\" style=\"margin-top:0;margin-bottom:0;padding-top:var(--wp--preset--spacing--50);padding-right:var(--wp--preset--spacing--50);padding-bottom:var(--wp--preset--spacing--50);padding-left:var(--wp--preset--spacing--50)\">\n<div style=\"height:var(--wp--preset--spacing--30)\" aria-hidden=\"true\" class=\"wp-block-spacer\"><\/div>\n<\/div>\n","protected":false},"excerpt":{"rendered":"<p>&nbsp; ATYPIQUE ET AUTODIDACTE \u00a0 \u00a0 \u00a0Curieuse et avide d\u2019apprendre, autant dans ma vie personnelle que professionnelle, mon parcours est constitu\u00e9 de diff\u00e9rentes exp\u00e9riences et de chemins professionnels diversifi\u00e9s pour \u00eatre celle que je suis aujourd\u2019hui, une technicienne d&#8217;\u00e9tudes du b\u00e2timent et dessinatrice en architecture. &nbsp; &nbsp; &nbsp;Plusieurs exp\u00e9riences pass\u00e9es dans les domaines de l\u2019h\u00f4tellerie, [&hellip;]<\/p>\n","protected":false},"author":1,"featured_media":0,"parent":0,"menu_order":0,"comment_status":"closed","ping_status":"closed","template":"","meta":{"_eb_attr":"","footnotes":""},"class_list":["post-219","page","type-page","status-publish","hentry"],"_links":{"self":[{"href":"https:\/\/agencemadelinethouron.fr\/index.php\/wp-json\/wp\/v2\/pages\/219","targetHints":{"allow":["GET"]}}],"collection":[{"href":"https:\/\/agencemadelinethouron.fr\/index.php\/wp-json\/wp\/v2\/pages"}],"about":[{"href":"https:\/\/agencemadelinethouron.fr\/index.php\/wp-json\/wp\/v2\/types\/page"}],"author":[{"embeddable":true,"href":"https:\/\/agencemadelinethouron.fr\/index.php\/wp-json\/wp\/v2\/users\/1"}],"replies":[{"embeddable":true,"href":"https:\/\/agencemadelinethouron.fr\/index.php\/wp-json\/wp\/v2\/comments?post=219"}],"version-history":[{"count":8,"href":"https:\/\/agencemadelinethouron.fr\/index.php\/wp-json\/wp\/v2\/pages\/219\/revisions"}],"predecessor-version":[{"id":254,"href":"https:\/\/agencemadelinethouron.fr\/index.php\/wp-json\/wp\/v2\/pages\/219\/revisions\/254"}],"wp:attachment":[{"href":"https:\/\/agencemadelinethouron.fr\/index.php\/wp-json\/wp\/v2\/media?parent=219"}],"curies":[{"name":"wp","href":"https:\/\/api.w.org\/{rel}","templated":true}]}}